{"id":5,"date":"2014-08-18T10:25:24","date_gmt":"2014-08-18T10:25:24","guid":{"rendered":"http:\/\/seventhqueen.com\/themes\/kleo\/demo-portfolio\/?page_id=5"},"modified":"2022-03-03T15:34:54","modified_gmt":"2022-03-03T14:34:54","slug":"home","status":"publish","type":"page","link":"https:\/\/dev.ipericon.de\/en\/","title":{"rendered":"Home"},"content":{"rendered":"<div class=\"wpb_column vc_column_container vc_col-sm-8\"><div class=\"vc_column-inner\"><div class=\"wpb_wrapper\"><\/div><\/div><\/div><section class=\"vc_section homepage row-1 vc_custom_1645698872210 vc_section-has-fill\"><section class=\"container-wrap  main-color\"  ><div class=\"section-container container\"><div class=\"vc_row vc_row-fluid row\"><div class=\"wpb_column vc_column_container vc_col-sm-12\"><div class=\"vc_column-inner\"><div class=\"wpb_wrapper\"><h1 style=\"font-size: 40px;color: #9c142a;line-height: 48px;text-align: left\" class=\"vc_custom_heading heading translation-block\">Holistic, integrated solutions - <br> from the conceptual design <br> to the successful <br> implementation.<\/h1><\/div><\/div><\/div><\/div><\/div><\/section><!-- end section --><\/section><section class=\"container-wrap  homepage heading main-color  text-center\"  ><div class=\"section-container container-full\"><div class=\"vc_row vc_row-fluid row\"><div class=\"wpb_column vc_column_container vc_col-sm-12\"><div class=\"vc_column-inner\"><div class=\"wpb_wrapper\">\n\t<div class=\"kleo_text_column wpb_content_element\" style=\" font-size:30px; line-height:45px; font-weight:bold; color:#9c142a;\">\n\t\t<div class=\"wpb_wrapper\">\n\t\t\t<p style=\"text-align: center;\">Welcome At ipericon<\/p>\n\n\t\t<\/div> \n\t<\/div> <\/div><\/div><\/div><\/div><\/div><\/section><!-- end section --><section class=\"container-wrap  homepage row-2 text main-color\"  ><div class=\"section-container container\"><div class=\"vc_row vc_row-fluid row\"><div class=\"wpb_column vc_column_container vc_col-sm-12\"><div class=\"vc_column-inner\"><div class=\"wpb_wrapper\">\n\t<div class=\"kleo_text_column wpb_content_element\" style=\" font-size:22px; line-height:33px;\">\n\t\t<div class=\"wpb_wrapper\">\n\t\t\t<p style=\"text-align: center;\">We are an innovative and high-performance consulting and system house. Our areas of expertise and at the same time scopes of business are economic advisory services as well as technology consulting.<\/p>\n<p>&nbsp;<\/p>\n<p style=\"text-align: center;\">Our clientele includes many well-known companies and organisations out of diverse economic fields and the public administration sector.<\/p>\n<p>&nbsp;<\/p>\n<p style=\"text-align: center;\">Extensive know-how, distinctive methodological and conceptional insights as well as the experience gained through many successful implemented projects in various branches maintain a competent and well-founded range of services offered to our customers and innovative solutions that add value to their individual issues and problems.<\/p>\n<p>&nbsp;<\/p>\n<p style=\"text-align: center;\">Whenever it makes sense, when it is necessary or when our customers require this process we work together with leading consulting and system houses, which facilitate the rounding off of our service offer.<\/p>\n\n\t\t<\/div> \n\t<\/div> <\/div><\/div><\/div><\/div><\/div><\/section><!-- end section --><section class=\"vc_section homepage row-3 vc_custom_1625131812593 vc_section-has-fill\"><section class=\"container-wrap  main-color\"  ><div class=\"section-container container\"><div class=\"vc_row vc_row-fluid row\"><div class=\"wpb_column vc_column_container vc_col-sm-12\"><div class=\"vc_column-inner\"><div class=\"wpb_wrapper\">\t<div class=\"homepage-grids\">\n\t\t<div class=\"row\">\n\t\t\t\n\t\t\t<div class=\"col-md-4\">\n\t\t\t\t<div class=\"each-grid\">\n\t\t\t\t\t<img decoding=\"async\" src=\"\/wp-content\/uploads\/2018\/06\/Gruppe-527.png\" alt=\"Digitalisierung\" title=\"Digitalization\" loading=\"lazy\">\n\t\t\t\t<\/div>\n\t\t\t\t<h3>Digitalization<\/h3>\n\t\t\t\t<h6>We are your solution partner for digital transformation - from digitization and automation of analog processes to mapping your business model in the cloud and opening up new digital business areas.<\/h6>\n\t\t\t\t<span class=\"link-text\"> <a href=\"\/was-wir-bieten\/#digitalisierung\"> <u>Learn more<\/u> <\/a><\/span>\n\t\t\t<\/div>\n\n\t\t\t<div class=\"col-md-4\">\n\t\t\t\t<div class=\"each-grid\">\n\t\t\t\t\t<img decoding=\"async\" src=\"\/wp-content\/uploads\/2018\/06\/Gruppe-526.png\" alt=\"SaaS-L\u00f6sungen\" title=\"SaaS-Solutions\" loading=\"lazy\">\n\t\t\t\t<\/div>\n\t\t\t\t<h3>SaaS-Solutions<\/h3>\n\t\t\t\t<h6>Based on our patented, web-based software platform i-taros, we provide you with digital business solutions tailored to your needs, quickly and cost-effectively as software-as-a-service.<\/h6>\n\t\t\t\t<span class=\"link-text\"><a href=\"\/was-wir-bieten\/#saas\"> <u>Learn more<\/u> <\/a><\/span>\n\t\t\t<\/div>\n\t\t\t\n\t\t\t<div class=\"col-md-4\">\n\t\t\t\t<div class=\"each-grid\">\n\t\t\t\t\t<img decoding=\"async\" src=\"\/wp-content\/uploads\/2018\/06\/Gruppe-525.png\" alt=\"IT-Services\" title=\"IT-Services\" loading=\"lazy\">\n\t\t\t\t<\/div>\n\t\t\t\t<h3>IT-Services<\/h3>\n\t\t\t\t<h6>We support you with customized services for all aspects of your digital solutions - from domain reservations and the creation and maintenance of websites to the hosting, administration and support of your software systems.<\/h6>\n\t\t\t\t<span class=\"link-text\"><a href=\"\/was-wir-bieten\/#services\"> <u>Learn more<\/u> <\/a><\/span>\n\t\t\t<\/div>\n\n\t\t\t<div class=\"col-md-4\">\n\t\t\t\t<div class=\"each-grid\">\n\t\t\t\t\t<img decoding=\"async\" src=\"\/wp-content\/uploads\/2018\/06\/Gruppe-524.png\" alt=\"Beratung & Projektmanagement\" title=\"Consulting &amp; Project Management\" loading=\"lazy\">\n\t\t\t\t<\/div>\n\t\t\t\t<h3>Consulting &amp; Project Management<\/h3>\n\t\t\t\t<h6>As a competent partner with proven expertise in information technology as well as in processes, methods and best practices, we support you with a wide range of consulting services.<\/h6>\n\t\t\t\t<span class=\"link-text\"><a href=\"\/was-wir-bieten\/#mgmt\"> <u>Learn more<\/u> <\/a><\/span>\n\t\t\t<\/div>\n\n\t\t\t<div class=\"col-md-4\">\n\t\t\t\t<div class=\"each-grid\">\n\t\t\t\t\t<img decoding=\"async\" src=\"\/wp-content\/uploads\/2018\/06\/Gruppe-523.png\" alt=\"Systemintegration & Anwendungsentwicklung\"\ttitle=\"System Integration &amp; Application Development\" loading=\"lazy\">\n\t\t\t\t<\/div>\n\t\t\t\t<h3>System Integration &amp; Application Development<\/h3>\n\t\t\t\t<h6>We take care of the connection of i-taros to websites, apps, data warehouse solutions and other software systems. We are also happy to implement customized software solutions according to your individual requirements.<\/h6>\n\t\t\t\t<span class=\"link-text\"><a href=\"\/was-wir-bieten\/#entwicklung\"> <u>Learn more<\/u> <\/a><\/span>\n\t\t\t<\/div>\n\t\t\n\t\t<!--\t<div class=\"col-md-4\">\n\t\t\t\t<div class=\"each-grid\">\n\t\t\t\t\t<img decoding=\"async\" src=\"\/wp-content\/uploads\/2018\/06\/Gruppe-593.png\" alt=\"Fort- und Weiterbildung\" title=\"Fort- und Weiterbildung\" loading=\"lazy\">\t\n\t\t\t\t<\/div>\n\t\t\t\t<h3>Fort- & Weiterbildung<\/h3>\n\t\t\t\t<h6>Digitalisieren Sie Ihr Trainings- und Qualifizierungs- <\/br> management. Organisieren Sie effizient Seminare sowie Zertifikate und Anerkennungsverfahren.<\/h6>\n\t\t\t\t<span class=\"link-text\"><a href=\"\/fort-und-weiterbildung\/\"> <u>Mehr dazu<\/u> <\/a><\/span>\n\t\t\t<\/div> -->\n\n\t\t\t<div class=\"col-md-4\">\n\t\t\t\t<div class=\"each-grid\">\n\t\t\t\t\t<img decoding=\"async\" src=\"\/wp-content\/uploads\/2018\/06\/Gruppe-522.png\" alt=\"Schulungen\" title=\"Trainings\" loading=\"lazy\">\n\t\t\t\t<\/div>\n\t\t\t\t<h3>Trainings<\/h3>\n\t\t\t\t<h6>In line with your i-taros solution, we offer you individually tailored training options for the users and application administrators of the software.<\/h6>\n\t\t\t\t<span class=\"link-text\"><a href=\"\/was-wir-bieten\/#schulungen\"> <u>Learn more<\/u> <\/a><\/span>\n\t\t\t<\/div>\n\t\t\t\t\n\t\t<\/div>\n\t<\/div>\n\t\n\t<div class=\"kleo_text_column wpb_content_element\">\n\t\t<div class=\"wpb_wrapper\">\n\t\t\t<div>\n<div><\/div>\n<\/div>\n\n\t\t<\/div> \n\t<\/div> <\/div><\/div><\/div><\/div><\/div><\/section><!-- end section --><\/section><section class=\"vc_section homepage row-7\"><section class=\"container-wrap  main-color\"  ><div class=\"section-container container\"><div class=\"vc_row vc_row-fluid row\"><div class=\"wpb_column vc_column_container vc_col-sm-12\"><div class=\"vc_column-inner\"><div class=\"wpb_wrapper\"><h2 style=\"font-size: 30px;color: #9c142a;line-height: 36px;text-align: center\" class=\"vc_custom_heading heading\">Awarded. Recognized. Innovative.<\/h2><\/div><\/div><\/div><\/div><\/div><\/section><!-- end section --><\/section><section class=\"container-wrap  main-color\"  ><div class=\"section-container container\"><div class=\"vc_row vc_row-fluid row\"><div class=\"wpb_column vc_column_container vc_col-sm-12\"><div class=\"vc_column-inner\"><div class=\"wpb_wrapper\">\t<div class=\"client-logos\">\n\t\t<div class=\"row\">\n\t\t\t<div class=\"col-lg-6 first-four-logos\">\n\t\t\t\t<div class=\"row\">\n\t\t\t\t\t<div class=\"col-sm-3 each-logo\">\n\t\t\t\t\t\t<img decoding=\"async\" src=\"\/wp-content\/uploads\/2018\/06\/external-content.duckduckgo-1.png\" alt=\"\">\n\t\t\t\t\t<\/div>\n\t\t\t\t\t<div class=\"col-sm-3 each-logo\">\n\t\t\t\t\t\t<img decoding=\"async\" src=\"\/wp-content\/uploads\/2018\/06\/external-content.duckduckgo.png\" alt=\"\">\n\t\t\t\t\t<\/div>\n\t\t\t\t\t<div class=\"col-sm-3 each-logo\">\n\t\t\t\t\t\t<img decoding=\"async\" src=\"\/wp-content\/uploads\/2021\/06\/Bild-24.png\" alt=\"\">\n\t\t\t\t\t<\/div>\n\t\t\t\t\t<div class=\"col-sm-3 each-logo\">\n\t\t\t\t\t\t<img decoding=\"async\" src=\"\/wp-content\/uploads\/2021\/06\/Bild-25.png\" alt=\"\">\n\t\t\t\t\t<\/div>\n\t\t\t\t<\/div>\n\t\t\t<\/div> \n\t\t\t<div class=\"col-lg-6 second-four-logos\">\n\t\t\t\t<div class=\"row\">\n\t\t\t\t\t<div class=\"col-sm-3 each-logo\">\n\t\t\t\t\t\t<img decoding=\"async\" src=\"\/wp-content\/uploads\/2018\/06\/Forschung_und_Entwicklung_2022_web-e1650463434912.png\" alt=\"\">\t\n\t\t\t\t\t<\/div>\n\t\t\t\t\t<div class=\"col-sm-3 each-logo\">\n\t\t\t\t\t\t<img decoding=\"async\" src=\"\/wp-content\/uploads\/2021\/06\/Bild-27.png\" alt=\"\">\n\t\t\t\t\t<\/div>\n\t\t\t\t\t<div class=\"col-sm-3 each-logo\">\n\t\t\t\t\t\t<img decoding=\"async\" src=\"\/wp-content\/uploads\/2021\/06\/Bild-28.png\" alt=\"\"> <span class=\"gold-winner-text\"> <strong>3x<\/strong> <\/span>\n\t\t\t\t\t<\/div>\n\t\t\t\t\t<div class=\"col-sm-3 each-logo\">\n\t\t\t\t\t\t<img decoding=\"async\" src=\"\/wp-content\/uploads\/2021\/06\/Bild-29.png\" alt=\"\">\n\t\t\t\t\t<\/div>\n\t\t\t\t<\/div>\n\t\t\t<\/div>\n\t\t<\/div>\n\t<\/div>\n\t\n\t<div class=\"kleo_text_column wpb_content_element\">\n\t\t<div class=\"wpb_wrapper\">\n\t\t\t<div>\n<div><\/div>\n<\/div>\n\n\t\t<\/div> \n\t<\/div> <\/div><\/div><\/div><\/div><\/div><\/section><!-- end section --><section class=\"vc_section homepage row-4 vc_custom_1633530794449 vc_section-has-fill\"><section class=\"container-wrap  image-text-column main-color\"  ><div class=\"section-container container\"><div class=\"vc_row vc_row-fluid row\"><div class=\"wpb_column vc_column_container vc_col-sm-8\"><div class=\"vc_column-inner\"><div class=\"wpb_wrapper\"><h1 style=\"font-size: 30px;color: #9c142a;line-height: 45px;text-align: left\" class=\"vc_custom_heading heading\">Advantages of the i-taros software<\/h1>\n\t<div class=\"kleo_text_column wpb_content_element  text\" style=\" font-size:22px; line-height:33px;\">\n\t\t<div class=\"wpb_wrapper\">\n\t\t\t<p style=\"text-align: left;\">\u2022 <strong>High agility<\/strong> and <strong>easy extensibility<\/strong><br \/>\n\u2022 Innovative, patented <strong>No-code technology<\/strong><br \/>\n\u2022 Individual, <strong>competent consulting<\/strong><br \/>\n\u2022 <strong>Digitalization check<\/strong> mit IT-Experten<br \/>\n\u2022 <strong>Customer-oriented pricing<\/strong> and <strong>Conditions<\/strong><br \/>\n\u2022 Competent <strong>personal service<\/strong> and <strong>Support<\/strong><\/p>\n\n\t\t<\/div> \n\t<\/div> <\/div><\/div><\/div><div class=\"wpb_column vc_column_container vc_col-sm-4\"><div class=\"vc_column-inner\"><div class=\"wpb_wrapper\"><div class=\"wpb_single_image wpb_content_element vc_align_left  image-girl\"><figure class=\"wpb_wrapper vc_figure\"><div class=\"vc_single_image-wrapper   vc_box_border_grey\"><img loading=\"lazy\" decoding=\"async\" width=\"570\" height=\"315\" src=\"https:\/\/dev.ipericon.de\/wp-content\/uploads\/2021\/10\/Gruppe-594.png\" class=\"vc_single_image-img attachment-full\" alt=\"Frau mit Ballon\" srcset=\"https:\/\/dev.ipericon.de\/wp-content\/uploads\/2021\/10\/Gruppe-594.png 570w, https:\/\/dev.ipericon.de\/wp-content\/uploads\/2021\/10\/Gruppe-594-300x166.png 300w\" sizes=\"auto, (max-width: 570px) 100vw, 570px\" title=\"Gruppe 594\" \/><\/div><\/figure><\/div><\/div><\/div><\/div><\/div><\/div><\/section><!-- end section --><\/section><section class=\"container-wrap  main-color\"  ><div class=\"section-container container\"><div class=\"vc_row vc_row-fluid row\"><div class=\"wpb_column vc_column_container vc_col-sm-12\"><div class=\"vc_column-inner\"><div class=\"wpb_wrapper\">\n\t<div class=\"kleo_text_column wpb_content_element\">\n\t\t<div class=\"wpb_wrapper\">\n\t\t\t\n\n\t\t<\/div> \n\t<\/div> <\/div><\/div><\/div><\/div><\/div><\/section><!-- end section --><\/p>","protected":false},"excerpt":{"rendered":"Ganzheitliche, durchg\u00e4ngige L\u00f6sungen - von der Konzeption bis zur erfolgreichen Umsetzung. Willkommen bei ipericon Wir sind ein innovatives, leistungsstarkes Beratungs- und Systemhaus. Unsere T\u00e4tigkeitsschwerpunkte und gleichzeitig Gesch\u00e4ftsbereiche sind die betriebswirtschaftliche Beratung sowie die Technologieberatung. &nbsp; Zu unserem Kundenkreis z\u00e4hlen namhafte Unternehmen und Organisationen aus verschiedensten Bereichen der Wirtschaft und der \u00f6ffentlichen Verwaltung. &nbsp; Umfangreiches Know-how, ausgepr\u00e4gte methodische und konzeptionelle Kenntnisse [...]","protected":false},"author":1,"featured_media":0,"parent":0,"menu_order":0,"comment_status":"closed","ping_status":"closed","template":"page-templates\/full-width.php","meta":{"footnotes":""},"class_list":["post-5","page","type-page","status-publish","hentry"],"yoast_head":"<!-- This site is optimized with the Yoast SEO plugin v19.6.1 - https:\/\/yoast.com\/wordpress\/plugins\/seo\/ -->\n<title>Wir sind ein innovatives, leistungsstarkes Beratungs- und Systemhaus.<\/title>\n<meta name=\"description\" content=\"Wir sind ein innovatives, leistungsstarkes Beratungs- und Systemhaus. Wir bieten betriebswirtschaftliche Beratung und Technologieberatung.\" \/>\n<meta name=\"robots\" content=\"index, follow, max-snippet:-1, max-image-preview:large, max-video-preview:-1\" \/>\n<link rel=\"canonical\" href=\"https:\/\/dev.ipericon.de\/en\/\" \/>\n<meta property=\"og:locale\" content=\"en_GB\" \/>\n<meta property=\"og:type\" content=\"article\" \/>\n<meta property=\"og:title\" content=\"Wir sind ein innovatives, leistungsstarkes Beratungs- und Systemhaus.\" \/>\n<meta property=\"og:description\" content=\"Wir sind ein innovatives, leistungsstarkes Beratungs- und Systemhaus. Wir bieten betriebswirtschaftliche Beratung und Technologieberatung.\" \/>\n<meta property=\"og:url\" content=\"https:\/\/dev.ipericon.de\/en\/\" \/>\n<meta property=\"og:site_name\" content=\"IPERICON\" \/>\n<meta property=\"article:publisher\" content=\"https:\/\/www.facebook.com\/buit.group\" \/>\n<meta property=\"article:modified_time\" content=\"2022-03-03T14:34:54+00:00\" \/>\n<meta name=\"twitter:card\" content=\"summary_large_image\" \/>\n<meta name=\"twitter:site\" content=\"@BuIT_Group\" \/>\n<meta name=\"twitter:label1\" content=\"Estimated reading time\" \/>\n\t<meta name=\"twitter:data1\" content=\"2 minutes\" \/>\n<script type=\"application\/ld+json\" class=\"yoast-schema-graph\">{\"@context\":\"https:\/\/schema.org\",\"@graph\":[{\"@type\":\"WebPage\",\"@id\":\"https:\/\/dev.ipericon.de\/\",\"url\":\"https:\/\/dev.ipericon.de\/\",\"name\":\"Wir sind ein innovatives, leistungsstarkes Beratungs- und Systemhaus.\",\"isPartOf\":{\"@id\":\"https:\/\/dev.ipericon.de\/#website\"},\"datePublished\":\"2014-08-18T10:25:24+00:00\",\"dateModified\":\"2022-03-03T14:34:54+00:00\",\"description\":\"Wir sind ein innovatives, leistungsstarkes Beratungs- und Systemhaus. Wir bieten betriebswirtschaftliche Beratung und Technologieberatung.\",\"breadcrumb\":{\"@id\":\"https:\/\/dev.ipericon.de\/#breadcrumb\"},\"inLanguage\":\"en-GB\",\"potentialAction\":[{\"@type\":\"ReadAction\",\"target\":[\"https:\/\/dev.ipericon.de\/\"]}]},{\"@type\":\"BreadcrumbList\",\"@id\":\"https:\/\/dev.ipericon.de\/#breadcrumb\",\"itemListElement\":[{\"@type\":\"ListItem\",\"position\":1,\"name\":\"Startseite\",\"item\":\"https:\/\/dev.ipericon.de\/\"},{\"@type\":\"ListItem\",\"position\":2,\"name\":\"Home\"}]},{\"@type\":\"WebSite\",\"@id\":\"https:\/\/dev.ipericon.de\/#website\",\"url\":\"https:\/\/dev.ipericon.de\/\",\"name\":\"IPERICON\",\"description\":\"Ganzheitliche, durchg\u00e4ngige L\u00f6sungen - von der Konzeption bis zur erfolgreichen Umsetzung.\",\"potentialAction\":[{\"@type\":\"SearchAction\",\"target\":{\"@type\":\"EntryPoint\",\"urlTemplate\":\"https:\/\/dev.ipericon.de\/?s={search_term_string}\"},\"query-input\":\"required name=search_term_string\"}],\"inLanguage\":\"en-GB\"}]}<\/script>\n<!-- \/ Yoast SEO plugin. -->","yoast_head_json":{"title":"Wir sind ein innovatives, leistungsstarkes Beratungs- und Systemhaus.","description":"Wir sind ein innovatives, leistungsstarkes Beratungs- und Systemhaus. Wir bieten betriebswirtschaftliche Beratung und Technologieberatung.","robots":{"index":"index","follow":"follow","max-snippet":"max-snippet:-1","max-image-preview":"max-image-preview:large","max-video-preview":"max-video-preview:-1"},"canonical":"https:\/\/dev.ipericon.de\/en\/","og_locale":"en_GB","og_type":"article","og_title":"Wir sind ein innovatives, leistungsstarkes Beratungs- und Systemhaus.","og_description":"Wir sind ein innovatives, leistungsstarkes Beratungs- und Systemhaus. Wir bieten betriebswirtschaftliche Beratung und Technologieberatung.","og_url":"https:\/\/dev.ipericon.de\/en\/","og_site_name":"IPERICON","article_publisher":"https:\/\/www.facebook.com\/buit.group","article_modified_time":"2022-03-03T14:34:54+00:00","twitter_card":"summary_large_image","twitter_site":"@BuIT_Group","twitter_misc":{"Estimated reading time":"2 minutes"},"schema":{"@context":"https:\/\/schema.org","@graph":[{"@type":"WebPage","@id":"https:\/\/dev.ipericon.de\/","url":"https:\/\/dev.ipericon.de\/","name":"Wir sind ein innovatives, leistungsstarkes Beratungs- und Systemhaus.","isPartOf":{"@id":"https:\/\/dev.ipericon.de\/#website"},"datePublished":"2014-08-18T10:25:24+00:00","dateModified":"2022-03-03T14:34:54+00:00","description":"Wir sind ein innovatives, leistungsstarkes Beratungs- und Systemhaus. Wir bieten betriebswirtschaftliche Beratung und Technologieberatung.","breadcrumb":{"@id":"https:\/\/dev.ipericon.de\/#breadcrumb"},"inLanguage":"en-GB","potentialAction":[{"@type":"ReadAction","target":["https:\/\/dev.ipericon.de\/"]}]},{"@type":"BreadcrumbList","@id":"https:\/\/dev.ipericon.de\/#breadcrumb","itemListElement":[{"@type":"ListItem","position":1,"name":"Startseite","item":"https:\/\/dev.ipericon.de\/"},{"@type":"ListItem","position":2,"name":"Home"}]},{"@type":"WebSite","@id":"https:\/\/dev.ipericon.de\/#website","url":"https:\/\/dev.ipericon.de\/","name":"IPERICON","description":"Ganzheitliche, durchg\u00e4ngige L\u00f6sungen - von der Konzeption bis zur erfolgreichen Umsetzung.","potentialAction":[{"@type":"SearchAction","target":{"@type":"EntryPoint","urlTemplate":"https:\/\/dev.ipericon.de\/?s={search_term_string}"},"query-input":"required name=search_term_string"}],"inLanguage":"en-GB"}]}},"_links":{"self":[{"href":"https:\/\/dev.ipericon.de\/en\/wp-json\/wp\/v2\/pages\/5","targetHints":{"allow":["GET"]}}],"collection":[{"href":"https:\/\/dev.ipericon.de\/en\/wp-json\/wp\/v2\/pages"}],"about":[{"href":"https:\/\/dev.ipericon.de\/en\/wp-json\/wp\/v2\/types\/page"}],"author":[{"embeddable":true,"href":"https:\/\/dev.ipericon.de\/en\/wp-json\/wp\/v2\/users\/1"}],"replies":[{"embeddable":true,"href":"https:\/\/dev.ipericon.de\/en\/wp-json\/wp\/v2\/comments?post=5"}],"version-history":[{"count":517,"href":"https:\/\/dev.ipericon.de\/en\/wp-json\/wp\/v2\/pages\/5\/revisions"}],"predecessor-version":[{"id":4774,"href":"https:\/\/dev.ipericon.de\/en\/wp-json\/wp\/v2\/pages\/5\/revisions\/4774"}],"wp:attachment":[{"href":"https:\/\/dev.ipericon.de\/en\/wp-json\/wp\/v2\/media?parent=5"}],"curies":[{"name":"wp","href":"https:\/\/api.w.org\/{rel}","templated":true}]}}